{"id":2414,"date":"2025-01-18T14:00:22","date_gmt":"2025-01-18T14:00:22","guid":{"rendered":"https:\/\/steven-genolet.wh-web.fr\/?page_id=2414"},"modified":"2026-03-25T09:47:16","modified_gmt":"2026-03-25T09:47:16","slug":"stage-de-premiere-annee","status":"publish","type":"page","link":"https:\/\/steven-genolet.wh-web.fr\/index.php\/stage-de-premiere-annee\/","title":{"rendered":"Stage de premi\u00e8re Ann\u00e9e"},"content":{"rendered":"\t\t<div data-elementor-type=\"wp-page\" data-elementor-id=\"2414\" class=\"elementor elementor-2414\">\n\t\t\t\t<div class=\"elementor-element elementor-element-b65df70 e-flex e-con-boxed e-con e-parent\" data-id=\"b65df70\" data-element_type=\"container\" data-e-type=\"container\">\n\t\t\t\t\t<div class=\"e-con-inner\">\n\t\t\t\t<div class=\"elementor-element elementor-element-92c3701 elementor-widget elementor-widget-heading\" data-id=\"92c3701\" data-element_type=\"widget\" data-e-type=\"widget\" data-widget_type=\"heading.default\">\n\t\t\t\t<div class=\"elementor-widget-container\">\n\t\t\t\t\t<h2 class=\"elementor-heading-title elementor-size-default\">Stage de premi\u00e8re ann\u00e9e<\/h2>\t\t\t\t<\/div>\n\t\t\t\t<\/div>\n\t\t\t\t\t<\/div>\n\t\t\t\t<\/div>\n\t\t<div class=\"elementor-element elementor-element-8a499e9 e-flex e-con-boxed e-con e-parent\" data-id=\"8a499e9\" data-element_type=\"container\" data-e-type=\"container\">\n\t\t\t\t\t<div class=\"e-con-inner\">\n\t\t\t\t<div class=\"elementor-element elementor-element-a43f999 elementor-widget elementor-widget-heading\" data-id=\"a43f999\" data-element_type=\"widget\" data-e-type=\"widget\" data-widget_type=\"heading.default\">\n\t\t\t\t<div class=\"elementor-widget-container\">\n\t\t\t\t\t<h2 class=\"elementor-heading-title elementor-size-default\">Introduction<\/h2>\t\t\t\t<\/div>\n\t\t\t\t<\/div>\n\t\t\t\t<div class=\"elementor-element elementor-element-c88e134 elementor-widget-divider--view-line elementor-widget elementor-widget-divider\" data-id=\"c88e134\" data-element_type=\"widget\" data-e-type=\"widget\" data-widget_type=\"divider.default\">\n\t\t\t\t<div class=\"elementor-widget-container\">\n\t\t\t\t\t\t\t<div class=\"elementor-divider\">\n\t\t\t<span class=\"elementor-divider-separator\">\n\t\t\t\t\t\t<\/span>\n\t\t<\/div>\n\t\t\t\t\t\t<\/div>\n\t\t\t\t<\/div>\n\t\t\t\t<div class=\"elementor-element elementor-element-d8771b9 elementor-widget elementor-widget-text-editor\" data-id=\"d8771b9\" data-element_type=\"widget\" data-e-type=\"widget\" data-widget_type=\"text-editor.default\">\n\t\t\t\t<div class=\"elementor-widget-container\">\n\t\t\t\t\t\t\t\t\t<p>Dans le cadre de ma premi\u00e8re ann\u00e9e de BTS SIO option SISR (Solutions d\u2019Infrastructure, Syst\u00e8mes et R\u00e9seaux), j\u2019ai r\u00e9alis\u00e9 un stage d\u2019une dur\u00e9e de 6 semaines au sein de l\u2019entreprise Dolonis. Ce stage avait pour objectif de mettre en pratique les comp\u00e9tences acquises au cours de la formation en participant \u00e0 des missions li\u00e9es \u00e0 l\u2019installation, la configuration et la validation de services r\u00e9seau et d\u2019\u00e9quipements informatiques.<\/p>\t\t\t\t\t\t\t\t<\/div>\n\t\t\t\t<\/div>\n\t\t\t\t<div class=\"elementor-element elementor-element-1d83ee4 elementor-widget elementor-widget-heading\" data-id=\"1d83ee4\" data-element_type=\"widget\" data-e-type=\"widget\" data-widget_type=\"heading.default\">\n\t\t\t\t<div class=\"elementor-widget-container\">\n\t\t\t\t\t<h2 class=\"elementor-heading-title elementor-size-default\">Pr\u00e9sentation de l'entreprise\n<\/h2>\t\t\t\t<\/div>\n\t\t\t\t<\/div>\n\t\t\t\t<div class=\"elementor-element elementor-element-919626a elementor-widget elementor-widget-image\" data-id=\"919626a\" data-element_type=\"widget\" data-e-type=\"widget\" data-widget_type=\"image.default\">\n\t\t\t\t<div class=\"elementor-widget-container\">\n\t\t\t\t\t\t\t\t\t\t\t\t\t\t\t<img decoding=\"async\" width=\"150\" height=\"150\" src=\"https:\/\/steven-genolet.wh-web.fr\/wp-content\/uploads\/2026\/03\/5f11bc7249000098cf0524ea-150x150.png\" class=\"attachment-thumbnail size-thumbnail wp-image-2942\" alt=\"\" srcset=\"https:\/\/steven-genolet.wh-web.fr\/wp-content\/uploads\/2026\/03\/5f11bc7249000098cf0524ea-150x150.png 150w, https:\/\/steven-genolet.wh-web.fr\/wp-content\/uploads\/2026\/03\/5f11bc7249000098cf0524ea.png 254w\" sizes=\"(max-width: 150px) 100vw, 150px\" \/>\t\t\t\t\t\t\t\t\t\t\t\t\t\t\t<\/div>\n\t\t\t\t<\/div>\n\t\t\t\t<div class=\"elementor-element elementor-element-536acca elementor-widget-divider--view-line elementor-widget elementor-widget-divider\" data-id=\"536acca\" data-element_type=\"widget\" data-e-type=\"widget\" data-widget_type=\"divider.default\">\n\t\t\t\t<div class=\"elementor-widget-container\">\n\t\t\t\t\t\t\t<div class=\"elementor-divider\">\n\t\t\t<span class=\"elementor-divider-separator\">\n\t\t\t\t\t\t<\/span>\n\t\t<\/div>\n\t\t\t\t\t\t<\/div>\n\t\t\t\t<\/div>\n\t\t\t\t<div class=\"elementor-element elementor-element-0ec0037 elementor-widget elementor-widget-text-editor\" data-id=\"0ec0037\" data-element_type=\"widget\" data-e-type=\"widget\" data-widget_type=\"text-editor.default\">\n\t\t\t\t<div class=\"elementor-widget-container\">\n\t\t\t\t\t\t\t\t\t<p>Depuis sa cr\u00e9ation en <strong>1998<\/strong>, la Soci\u00e9t\u00e9 Dolonis s\u2019est impos\u00e9e comme un <strong>acteur de r\u00e9f\u00e9rence dans le domaine des communications d\u2019entreprise<\/strong>.<\/p><p>Compos\u00e9e d\u2019une \u00e9quipe de<strong> techniciens qualifi\u00e9s<\/strong>, elle met son savoir-faire au service des organisations pour concevoir, d\u00e9ployer et maintenir des solutions fiables et performantes.<\/p><p>En tant qu\u2019<strong>int\u00e9grateur sp\u00e9cialis\u00e9<\/strong>, la Soci\u00e9t\u00e9 accompagne ses clients \u00e0 chaque \u00e9tape :<\/p><ul><li><strong>Analyse et audit<\/strong> des besoins et infrastructures existantes,<\/li><li><strong>Conseil et conception<\/strong> de solutions adapt\u00e9es,<\/li><li><strong>Installation, validation et maintenance<\/strong> pour garantir efficacit\u00e9 et p\u00e9rennit\u00e9.<\/li><\/ul><p><strong>Domaines de comp\u00e9tences<\/strong><\/p><ul><li>C\u00e2blage informatique<\/li><li>Fibre optique<\/li><li>Audit et remise en conformit\u00e9 de c\u00e2blages informatiques existants<\/li><li>Commutateurs (Switch), routeurs<\/li><li>R\u00e9seaux Wi-Fi<\/li><li>Liaisons hertziennes<\/li><li>Liaisons laser<\/li><li>Audit de r\u00e9seaux<\/li><li>Syst\u00e8mes de t\u00e9l\u00e9phonie (ToIP, VoIP)<\/li><\/ul><p>Gr\u00e2ce \u00e0 son expertise et \u00e0 une approche personnalis\u00e9e, la Soci\u00e9t\u00e9 \u00a0Dolonis propose des <strong>solutions de communication et de r\u00e9seaux informatiques<\/strong> parfaitement adapt\u00e9es aux besoins de chaque entreprise.<\/p>\t\t\t\t\t\t\t\t<\/div>\n\t\t\t\t<\/div>\n\t\t\t\t<div class=\"elementor-element elementor-element-bca9228 elementor-widget elementor-widget-heading\" data-id=\"bca9228\" data-element_type=\"widget\" data-e-type=\"widget\" data-widget_type=\"heading.default\">\n\t\t\t\t<div class=\"elementor-widget-container\">\n\t\t\t\t\t<h2 class=\"elementor-heading-title elementor-size-default\">Activit\u00e9s r\u00e9alis\u00e9es<\/h2>\t\t\t\t<\/div>\n\t\t\t\t<\/div>\n\t\t\t\t<div class=\"elementor-element elementor-element-c03e8eb elementor-widget-divider--view-line elementor-widget elementor-widget-divider\" data-id=\"c03e8eb\" data-element_type=\"widget\" data-e-type=\"widget\" data-widget_type=\"divider.default\">\n\t\t\t\t<div class=\"elementor-widget-container\">\n\t\t\t\t\t\t\t<div class=\"elementor-divider\">\n\t\t\t<span class=\"elementor-divider-separator\">\n\t\t\t\t\t\t<\/span>\n\t\t<\/div>\n\t\t\t\t\t\t<\/div>\n\t\t\t\t<\/div>\n\t\t\t\t<div class=\"elementor-element elementor-element-4bc674a elementor-widget elementor-widget-image\" data-id=\"4bc674a\" data-element_type=\"widget\" data-e-type=\"widget\" data-widget_type=\"image.default\">\n\t\t\t\t<div class=\"elementor-widget-container\">\n\t\t\t\t\t\t\t\t\t\t\t\t\t\t\t<img fetchpriority=\"high\" decoding=\"async\" width=\"1000\" height=\"500\" src=\"https:\/\/steven-genolet.wh-web.fr\/wp-content\/uploads\/2026\/03\/les-tickets-qr-code-sont-en-vente-dans-les-69-nouveaux-dat-distributeurs-automatiques-de-titres-qui-ont-ete-deployes-sur-le-reseau-photo-loic-todesco-1750788380.jpg\" class=\"attachment-large size-large wp-image-3151\" alt=\"\" srcset=\"https:\/\/steven-genolet.wh-web.fr\/wp-content\/uploads\/2026\/03\/les-tickets-qr-code-sont-en-vente-dans-les-69-nouveaux-dat-distributeurs-automatiques-de-titres-qui-ont-ete-deployes-sur-le-reseau-photo-loic-todesco-1750788380.jpg 1000w, https:\/\/steven-genolet.wh-web.fr\/wp-content\/uploads\/2026\/03\/les-tickets-qr-code-sont-en-vente-dans-les-69-nouveaux-dat-distributeurs-automatiques-de-titres-qui-ont-ete-deployes-sur-le-reseau-photo-loic-todesco-1750788380-300x150.jpg 300w, https:\/\/steven-genolet.wh-web.fr\/wp-content\/uploads\/2026\/03\/les-tickets-qr-code-sont-en-vente-dans-les-69-nouveaux-dat-distributeurs-automatiques-de-titres-qui-ont-ete-deployes-sur-le-reseau-photo-loic-todesco-1750788380-768x384.jpg 768w\" sizes=\"(max-width: 1000px) 100vw, 1000px\" \/>\t\t\t\t\t\t\t\t\t\t\t\t\t\t\t<\/div>\n\t\t\t\t<\/div>\n\t\t\t\t<div class=\"elementor-element elementor-element-1069c78 elementor-widget elementor-widget-text-editor\" data-id=\"1069c78\" data-element_type=\"widget\" data-e-type=\"widget\" data-widget_type=\"text-editor.default\">\n\t\t\t\t<div class=\"elementor-widget-container\">\n\t\t\t\t\t\t\t\t\t<ol><li><strong> Visite de chantier et \u00e9laboration d\u2019un plan d\u2019adressage IP<\/strong><\/li><\/ol><p>Lors des premi\u00e8res semaines, j\u2019ai particip\u00e9 \u00e0 des visites techniques sur les sites destin\u00e9s \u00e0 accueillir de nouveaux Distributeurs Automatiques de Titres (D.A.T). L\u2019objectif \u00e9tait de rep\u00e9rer les infrastructures r\u00e9seau existantes (prises, armoires, commutateurs), d\u2019en \u00e9valuer l\u2019\u00e9tat et d\u2019identifier les besoins en termes de connectique. Un nouveau plan d\u2019adressage IP a ensuite \u00e9t\u00e9 con\u00e7u pour standardiser et organiser les connexions des futurs \u00e9quipements.<\/p><p><strong>Comp\u00e9tences mobilis\u00e9es :<\/strong><\/p><ul><li>Recenser et identifier les ressources num\u00e9riques<\/li><li>Exploiter des r\u00e9f\u00e9rentiels, normes et standards<\/li><li>Analyser les objectifs et les modalit\u00e9s d\u2019organisation d\u2019un projet<\/li><li>Planifier les activit\u00e9s<\/li><\/ul><ol start=\"2\"><li><strong> D\u00e9ploiement physique des D.A.T<\/strong><\/li><\/ol><p>J\u2019ai ensuite particip\u00e9 au d\u00e9ploiement mat\u00e9riel des D.A.T sur plusieurs sites. Ce travail consistait \u00e0 raccorder les \u00e9quipements \u00e0 l\u2019alimentation \u00e9lectrique, \u00e0 les connecter au r\u00e9seau (RJ45, fibre optique ou 4G), \u00e0 contr\u00f4ler leur accessibilit\u00e9 et leur stabilit\u00e9. Des tests de connectivit\u00e9 physique \u00e9taient syst\u00e9matiquement r\u00e9alis\u00e9s pour garantir leur bon fonctionnement.<\/p><p><strong>Comp\u00e9tences mobilis\u00e9es :<\/strong><\/p><ul><li>Recenser et identifier les ressources num\u00e9riques<\/li><li>Exploiter des normes d\u2019installation<\/li><li>V\u00e9rifier les conditions de la continuit\u00e9 d\u2019un service informatique<\/li><li>D\u00e9ployer un service<\/li><li>Planifier les activit\u00e9s<\/li><\/ul><ol start=\"3\"><li><strong> Param\u00e9trage r\u00e9seau des D.A.T<\/strong><\/li><\/ol><p><img decoding=\"async\" class=\"aligncenter wp-image-3152 size-full\" src=\"https:\/\/steven-genolet.wh-web.fr\/wp-content\/uploads\/2026\/03\/Capture-decran-2025-09-15-113752.png\" alt=\"\" width=\"583\" height=\"778\" srcset=\"https:\/\/steven-genolet.wh-web.fr\/wp-content\/uploads\/2026\/03\/Capture-decran-2025-09-15-113752.png 583w, https:\/\/steven-genolet.wh-web.fr\/wp-content\/uploads\/2026\/03\/Capture-decran-2025-09-15-113752-225x300.png 225w\" sizes=\"(max-width: 583px) 100vw, 583px\" \/> <img loading=\"lazy\" decoding=\"async\" class=\"aligncenter wp-image-3153 size-large\" src=\"https:\/\/steven-genolet.wh-web.fr\/wp-content\/uploads\/2026\/03\/Capture-decran-2025-09-15-113658-1024x605.png\" alt=\"\" width=\"1024\" height=\"605\" srcset=\"https:\/\/steven-genolet.wh-web.fr\/wp-content\/uploads\/2026\/03\/Capture-decran-2025-09-15-113658-1024x605.png 1024w, https:\/\/steven-genolet.wh-web.fr\/wp-content\/uploads\/2026\/03\/Capture-decran-2025-09-15-113658-300x177.png 300w, https:\/\/steven-genolet.wh-web.fr\/wp-content\/uploads\/2026\/03\/Capture-decran-2025-09-15-113658-768x454.png 768w, https:\/\/steven-genolet.wh-web.fr\/wp-content\/uploads\/2026\/03\/Capture-decran-2025-09-15-113658.png 1041w\" sizes=\"(max-width: 1024px) 100vw, 1024px\" \/> <img loading=\"lazy\" decoding=\"async\" class=\"aligncenter wp-image-3154 size-large\" src=\"https:\/\/steven-genolet.wh-web.fr\/wp-content\/uploads\/2026\/03\/Capture-decran-2025-09-15-113717-1024x628.png\" alt=\"\" width=\"1024\" height=\"628\" srcset=\"https:\/\/steven-genolet.wh-web.fr\/wp-content\/uploads\/2026\/03\/Capture-decran-2025-09-15-113717-1024x628.png 1024w, https:\/\/steven-genolet.wh-web.fr\/wp-content\/uploads\/2026\/03\/Capture-decran-2025-09-15-113717-300x184.png 300w, https:\/\/steven-genolet.wh-web.fr\/wp-content\/uploads\/2026\/03\/Capture-decran-2025-09-15-113717-768x471.png 768w, https:\/\/steven-genolet.wh-web.fr\/wp-content\/uploads\/2026\/03\/Capture-decran-2025-09-15-113717.png 1043w\" sizes=\"(max-width: 1024px) 100vw, 1024px\" \/> <img loading=\"lazy\" decoding=\"async\" class=\"aligncenter wp-image-3155 size-full\" src=\"https:\/\/steven-genolet.wh-web.fr\/wp-content\/uploads\/2026\/03\/Capture-decran-2025-09-15-114916.png\" alt=\"\" width=\"887\" height=\"602\" srcset=\"https:\/\/steven-genolet.wh-web.fr\/wp-content\/uploads\/2026\/03\/Capture-decran-2025-09-15-114916.png 887w, https:\/\/steven-genolet.wh-web.fr\/wp-content\/uploads\/2026\/03\/Capture-decran-2025-09-15-114916-300x204.png 300w, https:\/\/steven-genolet.wh-web.fr\/wp-content\/uploads\/2026\/03\/Capture-decran-2025-09-15-114916-768x521.png 768w\" sizes=\"(max-width: 887px) 100vw, 887px\" \/><\/p><p>Une fois install\u00e9s, les D.A.T ont \u00e9t\u00e9 configur\u00e9s au niveau r\u00e9seau. Chaque terminal s\u00e9curis\u00e9 recevait une adresse IP fixe, et la configuration manuelle des param\u00e8tres (passerelle, DNS, VLAN) \u00e9tait n\u00e9cessaire. J\u2019ai \u00e9galement r\u00e9alis\u00e9 des tests de connectivit\u00e9 pour v\u00e9rifier la liaison avec les serveurs centraux.<\/p><p><strong>Comp\u00e9tences mobilis\u00e9es :<\/strong><\/p><ul><li>Exploiter des r\u00e9f\u00e9rentiels, normes et standards<\/li><li>V\u00e9rifier les conditions de la continuit\u00e9 d\u2019un service informatique<\/li><li>Traiter des demandes concernant les services r\u00e9seau<\/li><li>D\u00e9ployer un service<\/li><\/ul><ol start=\"4\"><li><strong> Tests techniques et validation des services<\/strong><\/li><\/ol><p>Cette phase a permis de v\u00e9rifier le bon fonctionnement des D.A.T. Des tests de ping, d\u2019impression de tickets, de synchronisation avec les services distants ont \u00e9t\u00e9 r\u00e9alis\u00e9s. Des probl\u00e8mes mat\u00e9riels (comme des c\u00e2bles RJ45 d\u00e9fectueux) ou logiciels (versions non synchronis\u00e9es) ont \u00e9t\u00e9 identifi\u00e9s et corrig\u00e9s.<\/p><p><strong>Comp\u00e9tences mobilis\u00e9es :<\/strong><\/p><ul><li>V\u00e9rifier les conditions de la continuit\u00e9 d\u2019un service informatique<\/li><li>Traiter des demandes concernant les services r\u00e9seau et les applications<\/li><li>R\u00e9aliser les tests d\u2019int\u00e9gration et d\u2019acceptation d\u2019un service<\/li><li>Accompagner les utilisateurs dans la mise en place d\u2019un service<\/li><\/ul>\t\t\t\t\t\t\t\t<\/div>\n\t\t\t\t<\/div>\n\t\t\t\t<div class=\"elementor-element elementor-element-b544c3b elementor-widget elementor-widget-heading\" data-id=\"b544c3b\" data-element_type=\"widget\" data-e-type=\"widget\" data-widget_type=\"heading.default\">\n\t\t\t\t<div class=\"elementor-widget-container\">\n\t\t\t\t\t<h2 class=\"elementor-heading-title elementor-size-default\">Remerciement<\/h2>\t\t\t\t<\/div>\n\t\t\t\t<\/div>\n\t\t\t\t<div class=\"elementor-element elementor-element-c76f46d elementor-widget-divider--view-line elementor-widget elementor-widget-divider\" data-id=\"c76f46d\" data-element_type=\"widget\" data-e-type=\"widget\" data-widget_type=\"divider.default\">\n\t\t\t\t<div class=\"elementor-widget-container\">\n\t\t\t\t\t\t\t<div class=\"elementor-divider\">\n\t\t\t<span class=\"elementor-divider-separator\">\n\t\t\t\t\t\t<\/span>\n\t\t<\/div>\n\t\t\t\t\t\t<\/div>\n\t\t\t\t<\/div>\n\t\t\t\t<div class=\"elementor-element elementor-element-1e9b317 elementor-widget elementor-widget-text-editor\" data-id=\"1e9b317\" data-element_type=\"widget\" data-e-type=\"widget\" data-widget_type=\"text-editor.default\">\n\t\t\t\t<div class=\"elementor-widget-container\">\n\t\t\t\t\t\t\t\t\t<p>Je tiens \u00e0 remercier la soci\u00e9t\u00e9 Dolonis et a mon maitre de stage de m\u2019avoir accueilli lors de ce stage, de m\u2019avoir transmis son savoir-faire et d\u2019avoir consacr\u00e9 de son temps pour m\u2019accompagner.<\/p>\t\t\t\t\t\t\t\t<\/div>\n\t\t\t\t<\/div>\n\t\t\t\t<div class=\"elementor-element elementor-element-e8e6314 elementor-widget elementor-widget-heading\" data-id=\"e8e6314\" data-element_type=\"widget\" data-e-type=\"widget\" data-widget_type=\"heading.default\">\n\t\t\t\t<div class=\"elementor-widget-container\">\n\t\t\t\t\t<h2 class=\"elementor-heading-title elementor-size-default\">Conclusion<\/h2>\t\t\t\t<\/div>\n\t\t\t\t<\/div>\n\t\t\t\t<div class=\"elementor-element elementor-element-463b051 elementor-widget-divider--view-line elementor-widget elementor-widget-divider\" data-id=\"463b051\" data-element_type=\"widget\" data-e-type=\"widget\" data-widget_type=\"divider.default\">\n\t\t\t\t<div class=\"elementor-widget-container\">\n\t\t\t\t\t\t\t<div class=\"elementor-divider\">\n\t\t\t<span class=\"elementor-divider-separator\">\n\t\t\t\t\t\t<\/span>\n\t\t<\/div>\n\t\t\t\t\t\t<\/div>\n\t\t\t\t<\/div>\n\t\t\t\t<div class=\"elementor-element elementor-element-f197b54 elementor-widget elementor-widget-text-editor\" data-id=\"f197b54\" data-element_type=\"widget\" data-e-type=\"widget\" data-widget_type=\"text-editor.default\">\n\t\t\t\t<div class=\"elementor-widget-container\">\n\t\t\t\t\t\t\t\t\t<p>Ce stage m\u2019a permis de d\u00e9couvrir concr\u00e8tement le d\u00e9ploiement de services informatiques dans un environnement professionnel. J\u2019ai pu mettre en application les comp\u00e9tences techniques acquises en cours tout en d\u00e9veloppant des comp\u00e9tences transversales comme l\u2019autonomie, l\u2019organisation, le travail en \u00e9quipe et la communication technique. Cette exp\u00e9rience a \u00e9galement renforc\u00e9 mon int\u00e9r\u00eat pour les m\u00e9tiers li\u00e9s \u00e0 l\u2019administration r\u00e9seau et au support technique.<\/p>\t\t\t\t\t\t\t\t<\/div>\n\t\t\t\t<\/div>\n\t\t\t\t<div class=\"elementor-element elementor-element-9957bdc elementor-widget-divider--view-line elementor-widget elementor-widget-divider\" data-id=\"9957bdc\" data-element_type=\"widget\" data-e-type=\"widget\" data-widget_type=\"divider.default\">\n\t\t\t\t<div class=\"elementor-widget-container\">\n\t\t\t\t\t\t\t<div class=\"elementor-divider\">\n\t\t\t<span class=\"elementor-divider-separator\">\n\t\t\t\t\t\t<\/span>\n\t\t<\/div>\n\t\t\t\t\t\t<\/div>\n\t\t\t\t<\/div>\n\t\t\t\t\t<\/div>\n\t\t\t\t<\/div>\n\t\t<div class=\"elementor-element elementor-element-1534c8b e-flex e-con-boxed e-con e-parent\" data-id=\"1534c8b\" data-element_type=\"container\" data-e-type=\"container\">\n\t\t\t\t\t<div class=\"e-con-inner\">\n\t\t\t\t<div class=\"elementor-element elementor-element-3c13eb9 elementor-widget elementor-widget-heading\" data-id=\"3c13eb9\" data-element_type=\"widget\" data-e-type=\"widget\" data-widget_type=\"heading.default\">\n\t\t\t\t<div class=\"elementor-widget-container\">\n\t\t\t\t\t<h2 class=\"elementor-heading-title elementor-size-default\">Bilan des comp\u00e9tences E5 mobilis\u00e9es<\/h2>\t\t\t\t<\/div>\n\t\t\t\t<\/div>\n\t\t\t\t\t<\/div>\n\t\t\t\t<\/div>\n\t\t<div class=\"elementor-element elementor-element-5f80606 e-flex e-con-boxed e-con e-parent\" data-id=\"5f80606\" data-element_type=\"container\" data-e-type=\"container\">\n\t\t\t\t\t<div class=\"e-con-inner\">\n\t\t\t\t<div class=\"elementor-element elementor-element-bc5dd01 elementor-widget-divider--view-line elementor-widget elementor-widget-divider\" data-id=\"bc5dd01\" data-element_type=\"widget\" data-e-type=\"widget\" data-widget_type=\"divider.default\">\n\t\t\t\t<div class=\"elementor-widget-container\">\n\t\t\t\t\t\t\t<div class=\"elementor-divider\">\n\t\t\t<span class=\"elementor-divider-separator\">\n\t\t\t\t\t\t<\/span>\n\t\t<\/div>\n\t\t\t\t\t\t<\/div>\n\t\t\t\t<\/div>\n\t\t\t\t<div class=\"elementor-element elementor-element-3128ce8 elementor-widget elementor-widget-text-editor\" data-id=\"3128ce8\" data-element_type=\"widget\" data-e-type=\"widget\" data-widget_type=\"text-editor.default\">\n\t\t\t\t<div class=\"elementor-widget-container\">\n\t\t\t\t\t\t\t\t\t<h2 data-path-to-node=\"3\">G\u00e9rer le patrimoine informatique<\/h2><ul data-path-to-node=\"4\"><li><p data-path-to-node=\"4,0,0\">Recenser et identifier les ressources num\u00e9riques <i data-path-to-node=\"4,0,0\" data-index-in-node=\"49\">(lors des visites de chantier et du d\u00e9ploiement physique des D.A.T)<\/i><\/p><\/li><li><p data-path-to-node=\"4,1,0\">Exploiter des r\u00e9f\u00e9rentiels, normes et standards <i data-path-to-node=\"4,1,0\" data-index-in-node=\"48\">(pour l&rsquo;\u00e9laboration du plan d\u2019adressage IP et le param\u00e9trage r\u00e9seau)<\/i><\/p><\/li><li><p data-path-to-node=\"4,2,0\">Exploiter des normes d\u2019installation <i data-path-to-node=\"4,2,0\" data-index-in-node=\"36\">(lors du raccordement physique et \u00e9lectrique)<\/i><\/p><\/li><li><p data-path-to-node=\"4,3,0\">V\u00e9rifier les conditions de la continuit\u00e9 d\u2019un service informatique <i data-path-to-node=\"4,3,0\" data-index-in-node=\"67\">(lors des contr\u00f4les d&rsquo;accessibilit\u00e9 et de stabilit\u00e9 des D.A.T)<\/i><\/p><\/li><\/ul><h2 data-path-to-node=\"5\">Mettre \u00e0 disposition des utilisateurs un service informatique<\/h2><ul data-path-to-node=\"6\"><li><p data-path-to-node=\"6,0,0\">D\u00e9ployer un service <i data-path-to-node=\"6,0,0\" data-index-in-node=\"20\">(via l&rsquo;installation physique et le param\u00e9trage des passerelles, DNS et VLAN)<\/i><\/p><\/li><li><p data-path-to-node=\"6,1,0\">R\u00e9aliser les tests d\u2019int\u00e9gration et d\u2019acceptation d\u2019un service <i data-path-to-node=\"6,1,0\" data-index-in-node=\"63\">(tests de ping, d&rsquo;impression de tickets et de synchronisation)<\/i><\/p><\/li><li><p data-path-to-node=\"6,2,0\">Accompagner les utilisateurs dans la mise en place d\u2019un service <i data-path-to-node=\"6,2,0\" data-index-in-node=\"64\">(lors de la validation finale sur site)<\/i><\/p><\/li><\/ul><h2 data-path-to-node=\"7\">R\u00e9pondre aux incidents et aux demandes d\u2019assistance et d\u2019\u00e9volution<\/h2><ul data-path-to-node=\"8\"><li><p data-path-to-node=\"8,0,0\">Traiter des demandes concernant les services r\u00e9seau <i data-path-to-node=\"8,0,0\" data-index-in-node=\"52\">(configuration manuelle des \u00e9quipements sur le r\u00e9seau existant)<\/i><\/p><\/li><li><p data-path-to-node=\"8,1,0\">Traiter des demandes concernant les services r\u00e9seau et les applications <i data-path-to-node=\"8,1,0\" data-index-in-node=\"72\">(identification et correction des probl\u00e8mes de c\u00e2bles d\u00e9fectueux ou de versions logicielles)<\/i><\/p><\/li><\/ul><h2 data-path-to-node=\"9\">Travailler en mode projet<\/h2><ul data-path-to-node=\"10\"><li><p data-path-to-node=\"10,0,0\">Analyser les objectifs et les modalit\u00e9s d\u2019organisation d\u2019un projet <i data-path-to-node=\"10,0,0\" data-index-in-node=\"67\">(lors de la phase de rep\u00e9rage des infrastructures existantes)<\/i><\/p><\/li><li><p data-path-to-node=\"10,1,0\">Planifier les activit\u00e9s <i data-path-to-node=\"10,1,0\" data-index-in-node=\"24\">(pour organiser le d\u00e9ploiement physique sur les diff\u00e9rents sites)<\/i><\/p><\/li><\/ul>\t\t\t\t\t\t\t\t<\/div>\n\t\t\t\t<\/div>\n\t\t\t\t\t<\/div>\n\t\t\t\t<\/div>\n\t\t\t\t<\/div>\n\t\t","protected":false},"excerpt":{"rendered":"<p>Stage de premi\u00e8re ann\u00e9e Introduction Dans le cadre de ma premi\u00e8re ann\u00e9e de BTS SIO option SISR (Solutions d\u2019Infrastructure, Syst\u00e8mes et R\u00e9seaux), j\u2019ai r\u00e9alis\u00e9 un stage d\u2019une dur\u00e9e de 6 semaines au sein de l\u2019entreprise Dolonis. Ce stage avait pour objectif de mettre en pratique les comp\u00e9tences acquises au cours de la formation en participant [&hellip;]<\/p>\n","protected":false},"author":1,"featured_media":0,"parent":0,"menu_order":0,"comment_status":"closed","ping_status":"closed","template":"","meta":{"footnotes":""},"class_list":["post-2414","page","type-page","status-publish","hentry"],"blocksy_meta":{"has_hero_section":"disabled","styles_descriptor":{"styles":{"desktop":"","tablet":"","mobile":""},"google_fonts":[],"version":6}},"_links":{"self":[{"href":"https:\/\/steven-genolet.wh-web.fr\/index.php\/wp-json\/wp\/v2\/pages\/2414","targetHints":{"allow":["GET"]}}],"collection":[{"href":"https:\/\/steven-genolet.wh-web.fr\/index.php\/wp-json\/wp\/v2\/pages"}],"about":[{"href":"https:\/\/steven-genolet.wh-web.fr\/index.php\/wp-json\/wp\/v2\/types\/page"}],"author":[{"embeddable":true,"href":"https:\/\/steven-genolet.wh-web.fr\/index.php\/wp-json\/wp\/v2\/users\/1"}],"replies":[{"embeddable":true,"href":"https:\/\/steven-genolet.wh-web.fr\/index.php\/wp-json\/wp\/v2\/comments?post=2414"}],"version-history":[{"count":37,"href":"https:\/\/steven-genolet.wh-web.fr\/index.php\/wp-json\/wp\/v2\/pages\/2414\/revisions"}],"predecessor-version":[{"id":3158,"href":"https:\/\/steven-genolet.wh-web.fr\/index.php\/wp-json\/wp\/v2\/pages\/2414\/revisions\/3158"}],"wp:attachment":[{"href":"https:\/\/steven-genolet.wh-web.fr\/index.php\/wp-json\/wp\/v2\/media?parent=2414"}],"curies":[{"name":"wp","href":"https:\/\/api.w.org\/{rel}","templated":true}]}}