{"id":2865,"date":"2026-03-14T15:42:10","date_gmt":"2026-03-14T15:42:10","guid":{"rendered":"https:\/\/steven-genolet.wh-web.fr\/?page_id=2865"},"modified":"2026-03-24T15:32:59","modified_gmt":"2026-03-24T15:32:59","slug":"autres-activites","status":"publish","type":"page","link":"https:\/\/steven-genolet.wh-web.fr\/index.php\/autres-activites\/","title":{"rendered":"Autres Activit\u00e9s"},"content":{"rendered":"\t\t<div data-elementor-type=\"wp-page\" data-elementor-id=\"2865\" class=\"elementor elementor-2865\">\n\t\t\t\t<div class=\"elementor-element elementor-element-6951d7a e-flex e-con-boxed e-con e-parent\" data-id=\"6951d7a\" data-element_type=\"container\" data-e-type=\"container\">\n\t\t\t\t\t<div class=\"e-con-inner\">\n\t\t\t\t<div class=\"elementor-element elementor-element-74e5de2 elementor-widget elementor-widget-heading\" data-id=\"74e5de2\" data-element_type=\"widget\" data-e-type=\"widget\" data-widget_type=\"heading.default\">\n\t\t\t\t<div class=\"elementor-widget-container\">\n\t\t\t\t\t<h2 class=\"elementor-heading-title elementor-size-default\">Autres activit\u00e9s r\u00e9alis\u00e9es pendant le BTS<\/h2>\t\t\t\t<\/div>\n\t\t\t\t<\/div>\n\t\t\t\t<div class=\"elementor-element elementor-element-44a65fc elementor-widget elementor-widget-text-editor\" data-id=\"44a65fc\" data-element_type=\"widget\" data-e-type=\"widget\" data-widget_type=\"text-editor.default\">\n\t\t\t\t<div class=\"elementor-widget-container\">\n\t\t\t\t\t\t\t\t\t<p>Durant mes deux ann\u00e9es de BTS, j\u2019ai eu l\u2019opportunit\u00e9 de r\u00e9aliser plusieurs activit\u00e9s professionnelles qui m\u2019ont permis de d\u00e9velopper mes comp\u00e9tences techniques et professionnelles. Ces exp\u00e9riences ont contribu\u00e9 \u00e0 renforcer mes connaissances th\u00e9oriques acquises en formation et \u00e0 les appliquer dans des situations concr\u00e8tes.<\/p>\t\t\t\t\t\t\t\t<\/div>\n\t\t\t\t<\/div>\n\t\t\t\t<div class=\"elementor-element elementor-element-72b4591 elementor-widget-divider--view-line elementor-widget elementor-widget-divider\" data-id=\"72b4591\" data-element_type=\"widget\" data-e-type=\"widget\" data-widget_type=\"divider.default\">\n\t\t\t\t<div class=\"elementor-widget-container\">\n\t\t\t\t\t\t\t<div class=\"elementor-divider\">\n\t\t\t<span class=\"elementor-divider-separator\">\n\t\t\t\t\t\t<\/span>\n\t\t<\/div>\n\t\t\t\t\t\t<\/div>\n\t\t\t\t<\/div>\n\t\t\t\t\t<\/div>\n\t\t\t\t<\/div>\n\t\t<div class=\"elementor-element elementor-element-06b603a e-flex e-con-boxed e-con e-parent\" data-id=\"06b603a\" data-element_type=\"container\" data-e-type=\"container\">\n\t\t\t\t\t<div class=\"e-con-inner\">\n\t\t\t\t<div class=\"elementor-element elementor-element-19e3be8 elementor-widget elementor-widget-heading\" data-id=\"19e3be8\" data-element_type=\"widget\" data-e-type=\"widget\" data-widget_type=\"heading.default\">\n\t\t\t\t<div class=\"elementor-widget-container\">\n\t\t\t\t\t<h2 class=\"elementor-heading-title elementor-size-default\">TP - PHP<\/h2>\t\t\t\t<\/div>\n\t\t\t\t<\/div>\n\t\t\t\t<div class=\"elementor-element elementor-element-b89d1f8 elementor-widget elementor-widget-text-editor\" data-id=\"b89d1f8\" data-element_type=\"widget\" data-e-type=\"widget\" data-widget_type=\"text-editor.default\">\n\t\t\t\t<div class=\"elementor-widget-container\">\n\t\t\t\t\t\t\t\t\t<p data-start=\"107\" data-end=\"361\">Durant ma premi\u00e8re ann\u00e9e de BTS, j\u2019ai r\u00e9alis\u00e9 plusieurs activit\u00e9s en d\u00e9veloppement web, notamment avec le langage PHP. Ces travaux m\u2019ont permis de d\u00e9couvrir la programmation c\u00f4t\u00e9 serveur et de comprendre le fonctionnement des applications web dynamiques.<\/p><p data-start=\"363\" data-end=\"830\">Au cours de ces projets, j\u2019ai appris \u00e0 cr\u00e9er des pages web interactives capables de communiquer avec une base de donn\u00e9es. J\u2019ai notamment mis en place des formulaires permettant de r\u00e9cup\u00e9rer les informations saisies par les utilisateurs et de les traiter avec PHP. J\u2019ai \u00e9galement travaill\u00e9 sur l\u2019enregistrement, la modification et la suppression de donn\u00e9es dans une base de donn\u00e9es, ce qui m\u2019a permis de comprendre la gestion des informations dans une application web.<\/p><p data-start=\"832\" data-end=\"1150\">Ces activit\u00e9s m\u2019ont aussi permis de d\u00e9velopper mes comp\u00e9tences en logique de programmation, en organisation du code et en r\u00e9solution de probl\u00e8mes. Elles ont constitu\u00e9 une premi\u00e8re approche concr\u00e8te du d\u00e9veloppement web et m\u2019ont permis d\u2019acqu\u00e9rir les bases n\u00e9cessaires pour poursuivre mon apprentissage dans ce domaine.<\/p><hr data-start=\"1152\" data-end=\"1155\" \/>\t\t\t\t\t\t\t\t<\/div>\n\t\t\t\t<\/div>\n\t\t\t\t<div class=\"elementor-element elementor-element-6fefa78 elementor-align-center elementor-widget elementor-widget-button\" data-id=\"6fefa78\" data-element_type=\"widget\" data-e-type=\"widget\" data-widget_type=\"button.default\">\n\t\t\t\t<div class=\"elementor-widget-container\">\n\t\t\t\t\t\t\t\t\t<div class=\"elementor-button-wrapper\">\n\t\t\t\t\t<a class=\"elementor-button elementor-button-link elementor-size-sm\" href=\"https:\/\/steven-genolet.wh-web.fr\/wp-content\/uploads\/2026\/03\/TP-PHP.zip\">\n\t\t\t\t\t\t<span class=\"elementor-button-content-wrapper\">\n\t\t\t\t\t\t\t\t\t<span class=\"elementor-button-text\">Activit\u00e9s PHP<\/span>\n\t\t\t\t\t<\/span>\n\t\t\t\t\t<\/a>\n\t\t\t\t<\/div>\n\t\t\t\t\t\t\t\t<\/div>\n\t\t\t\t<\/div>\n\t\t\t\t<div class=\"elementor-element elementor-element-d2eb308 elementor-widget-divider--view-line elementor-widget elementor-widget-divider\" data-id=\"d2eb308\" data-element_type=\"widget\" data-e-type=\"widget\" data-widget_type=\"divider.default\">\n\t\t\t\t<div class=\"elementor-widget-container\">\n\t\t\t\t\t\t\t<div class=\"elementor-divider\">\n\t\t\t<span class=\"elementor-divider-separator\">\n\t\t\t\t\t\t<\/span>\n\t\t<\/div>\n\t\t\t\t\t\t<\/div>\n\t\t\t\t<\/div>\n\t\t\t\t\t<\/div>\n\t\t\t\t<\/div>\n\t\t<div class=\"elementor-element elementor-element-c457811 e-flex e-con-boxed e-con e-parent\" data-id=\"c457811\" data-element_type=\"container\" data-e-type=\"container\">\n\t\t\t\t\t<div class=\"e-con-inner\">\n\t\t\t\t<div class=\"elementor-element elementor-element-20d4f60 elementor-widget elementor-widget-heading\" data-id=\"20d4f60\" data-element_type=\"widget\" data-e-type=\"widget\" data-widget_type=\"heading.default\">\n\t\t\t\t<div class=\"elementor-widget-container\">\n\t\t\t\t\t<h2 class=\"elementor-heading-title elementor-size-default\">TP - C#<\/h2>\t\t\t\t<\/div>\n\t\t\t\t<\/div>\n\t\t\t\t<div class=\"elementor-element elementor-element-25437a1 elementor-widget elementor-widget-text-editor\" data-id=\"25437a1\" data-element_type=\"widget\" data-e-type=\"widget\" data-widget_type=\"text-editor.default\">\n\t\t\t\t<div class=\"elementor-widget-container\">\n\t\t\t\t\t\t\t\t\t<p>Durant ma premi\u00e8re ann\u00e9e de BTS, j\u2019ai r\u00e9alis\u00e9 plusieurs activit\u00e9s en programmation avec le langage C#. Ces travaux m\u2019ont permis de d\u00e9couvrir le d\u00e9veloppement d\u2019applications et de mettre en pratique les bases de la programmation orient\u00e9e objet.<\/p><p data-start=\"832\" data-end=\"1150\">Ces activit\u00e9s m\u2019ont aussi permis de d\u00e9velopper mes comp\u00e9tences en logique de programmation, en organisation du code et en r\u00e9solution de probl\u00e8mes. Elles ont constitu\u00e9 une premi\u00e8re approche concr\u00e8te du d\u00e9veloppement web et m\u2019ont permis d\u2019acqu\u00e9rir les bases n\u00e9cessaires pour poursuivre mon apprentissage dans ce domaine.<\/p><p data-start=\"832\" data-end=\"1150\">Les captures d\u2019\u00e9cran pr\u00e9sent\u00e9es ci-dessous illustrent diff\u00e9rentes activit\u00e9s que j\u2019ai r\u00e9alis\u00e9es au cours de ma premi\u00e8re ann\u00e9e de BTS. Elles permettent de visualiser concr\u00e8tement les projets et exercices d\u00e9velopp\u00e9s durant ma formation.<\/p><p data-start=\"832\" data-end=\"1150\"><img fetchpriority=\"high\" decoding=\"async\" class=\"alignnone wp-image-2881 size-large\" src=\"https:\/\/steven-genolet.wh-web.fr\/wp-content\/uploads\/2026\/03\/Capture-decran-2026-03-14-171329-1024x556.png\" alt=\"\" width=\"1024\" height=\"556\" srcset=\"https:\/\/steven-genolet.wh-web.fr\/wp-content\/uploads\/2026\/03\/Capture-decran-2026-03-14-171329-1024x556.png 1024w, https:\/\/steven-genolet.wh-web.fr\/wp-content\/uploads\/2026\/03\/Capture-decran-2026-03-14-171329-300x163.png 300w, https:\/\/steven-genolet.wh-web.fr\/wp-content\/uploads\/2026\/03\/Capture-decran-2026-03-14-171329-768x417.png 768w, https:\/\/steven-genolet.wh-web.fr\/wp-content\/uploads\/2026\/03\/Capture-decran-2026-03-14-171329-1536x834.png 1536w, https:\/\/steven-genolet.wh-web.fr\/wp-content\/uploads\/2026\/03\/Capture-decran-2026-03-14-171329-2048x1112.png 2048w\" sizes=\"(max-width: 1024px) 100vw, 1024px\" \/><\/p><p data-start=\"832\" data-end=\"1150\"><img decoding=\"async\" class=\"alignnone wp-image-2882 size-large\" src=\"https:\/\/steven-genolet.wh-web.fr\/wp-content\/uploads\/2026\/03\/Capture-decran-2026-03-14-171428-1024x558.png\" alt=\"\" width=\"1024\" height=\"558\" srcset=\"https:\/\/steven-genolet.wh-web.fr\/wp-content\/uploads\/2026\/03\/Capture-decran-2026-03-14-171428-1024x558.png 1024w, https:\/\/steven-genolet.wh-web.fr\/wp-content\/uploads\/2026\/03\/Capture-decran-2026-03-14-171428-300x164.png 300w, https:\/\/steven-genolet.wh-web.fr\/wp-content\/uploads\/2026\/03\/Capture-decran-2026-03-14-171428-768x419.png 768w, https:\/\/steven-genolet.wh-web.fr\/wp-content\/uploads\/2026\/03\/Capture-decran-2026-03-14-171428-1536x838.png 1536w, https:\/\/steven-genolet.wh-web.fr\/wp-content\/uploads\/2026\/03\/Capture-decran-2026-03-14-171428-2048x1117.png 2048w\" sizes=\"(max-width: 1024px) 100vw, 1024px\" \/><\/p><p data-start=\"832\" data-end=\"1150\"><img decoding=\"async\" class=\"alignnone wp-image-2883 size-large\" src=\"https:\/\/steven-genolet.wh-web.fr\/wp-content\/uploads\/2026\/03\/Capture-decran-2026-03-14-171909-1024x473.png\" alt=\"\" width=\"1024\" height=\"473\" srcset=\"https:\/\/steven-genolet.wh-web.fr\/wp-content\/uploads\/2026\/03\/Capture-decran-2026-03-14-171909-1024x473.png 1024w, https:\/\/steven-genolet.wh-web.fr\/wp-content\/uploads\/2026\/03\/Capture-decran-2026-03-14-171909-300x139.png 300w, https:\/\/steven-genolet.wh-web.fr\/wp-content\/uploads\/2026\/03\/Capture-decran-2026-03-14-171909-768x355.png 768w, https:\/\/steven-genolet.wh-web.fr\/wp-content\/uploads\/2026\/03\/Capture-decran-2026-03-14-171909-1536x710.png 1536w, https:\/\/steven-genolet.wh-web.fr\/wp-content\/uploads\/2026\/03\/Capture-decran-2026-03-14-171909-2048x946.png 2048w\" sizes=\"(max-width: 1024px) 100vw, 1024px\" \/><\/p><p data-start=\"832\" data-end=\"1150\"><img loading=\"lazy\" decoding=\"async\" class=\"alignnone wp-image-2884 size-large\" src=\"https:\/\/steven-genolet.wh-web.fr\/wp-content\/uploads\/2026\/03\/Capture-decran-2026-03-14-172005-1024x435.png\" alt=\"\" width=\"1024\" height=\"435\" srcset=\"https:\/\/steven-genolet.wh-web.fr\/wp-content\/uploads\/2026\/03\/Capture-decran-2026-03-14-172005-1024x435.png 1024w, https:\/\/steven-genolet.wh-web.fr\/wp-content\/uploads\/2026\/03\/Capture-decran-2026-03-14-172005-300x127.png 300w, https:\/\/steven-genolet.wh-web.fr\/wp-content\/uploads\/2026\/03\/Capture-decran-2026-03-14-172005-768x326.png 768w, https:\/\/steven-genolet.wh-web.fr\/wp-content\/uploads\/2026\/03\/Capture-decran-2026-03-14-172005-1536x653.png 1536w, https:\/\/steven-genolet.wh-web.fr\/wp-content\/uploads\/2026\/03\/Capture-decran-2026-03-14-172005-2048x870.png 2048w\" sizes=\"(max-width: 1024px) 100vw, 1024px\" \/><\/p>\t\t\t\t\t\t\t\t<\/div>\n\t\t\t\t<\/div>\n\t\t\t\t<div class=\"elementor-element elementor-element-e66d2b8 elementor-align-center elementor-widget elementor-widget-button\" data-id=\"e66d2b8\" data-element_type=\"widget\" data-e-type=\"widget\" data-widget_type=\"button.default\">\n\t\t\t\t<div class=\"elementor-widget-container\">\n\t\t\t\t\t\t\t\t\t<div class=\"elementor-button-wrapper\">\n\t\t\t\t\t<a class=\"elementor-button elementor-button-link elementor-size-sm\" href=\"https:\/\/steven-genolet.wh-web.fr\/wp-content\/uploads\/2026\/03\/TP-C.zip\">\n\t\t\t\t\t\t<span class=\"elementor-button-content-wrapper\">\n\t\t\t\t\t\t\t\t\t<span class=\"elementor-button-text\">TP C#<\/span>\n\t\t\t\t\t<\/span>\n\t\t\t\t\t<\/a>\n\t\t\t\t<\/div>\n\t\t\t\t\t\t\t\t<\/div>\n\t\t\t\t<\/div>\n\t\t\t\t<div class=\"elementor-element elementor-element-144d851 elementor-widget elementor-widget-heading\" data-id=\"144d851\" data-element_type=\"widget\" data-e-type=\"widget\" data-widget_type=\"heading.default\">\n\t\t\t\t<div class=\"elementor-widget-container\">\n\t\t\t\t\t<h2 class=\"elementor-heading-title elementor-size-default\">Autres activit\u00e9s r\u00e9alis\u00e9es pendant le BTS<\/h2>\t\t\t\t<\/div>\n\t\t\t\t<\/div>\n\t\t\t\t<div class=\"elementor-element elementor-element-1592aa7 elementor-widget-divider--view-line elementor-widget elementor-widget-divider\" data-id=\"1592aa7\" data-element_type=\"widget\" data-e-type=\"widget\" data-widget_type=\"divider.default\">\n\t\t\t\t<div class=\"elementor-widget-container\">\n\t\t\t\t\t\t\t<div class=\"elementor-divider\">\n\t\t\t<span class=\"elementor-divider-separator\">\n\t\t\t\t\t\t<\/span>\n\t\t<\/div>\n\t\t\t\t\t\t<\/div>\n\t\t\t\t<\/div>\n\t\t\t\t<div class=\"elementor-element elementor-element-997402a elementor-widget elementor-widget-text-editor\" data-id=\"997402a\" data-element_type=\"widget\" data-e-type=\"widget\" data-widget_type=\"text-editor.default\">\n\t\t\t\t<div class=\"elementor-widget-container\">\n\t\t\t\t\t\t\t\t\t<p data-path-to-node=\"9\"><b data-path-to-node=\"9\" data-index-in-node=\"0\">G\u00e9rer le patrimoine informatique<\/b><\/p><ul data-path-to-node=\"10\"><li><p data-path-to-node=\"10,0,0\">Conception et d\u00e9veloppement d&rsquo;applications web dynamiques en PHP.<\/p><\/li><li><p data-path-to-node=\"10,1,0\">D\u00e9veloppement d&rsquo;applications logicielles en utilisant la programmation orient\u00e9e objet (C#).<\/p><\/li><li><p data-path-to-node=\"10,2,0\">Gestion, structuration et organisation du code source.<\/p><\/li><\/ul><p data-path-to-node=\"11\"><b data-path-to-node=\"11\" data-index-in-node=\"0\">Mettre \u00e0 disposition des utilisateurs un service informatique<\/b><\/p><ul data-path-to-node=\"12\"><li><p data-path-to-node=\"12,0,0\">Cr\u00e9ation d&rsquo;interfaces web interactives int\u00e9grant des formulaires pour la saisie utilisateur.<\/p><\/li><li><p data-path-to-node=\"12,1,0\">Connexion d&rsquo;une application web \u00e0 une base de donn\u00e9es pour permettre la lecture, l&rsquo;enregistrement, la modification et la suppression d&rsquo;informations (CRUD).<\/p><\/li><\/ul><p data-path-to-node=\"13\"><b data-path-to-node=\"13\" data-index-in-node=\"0\">R\u00e9pondre aux incidents et aux demandes d\u2019assistance et d\u2019\u00e9volution<\/b><\/p><ul data-path-to-node=\"14\"><li><p data-path-to-node=\"14,0,0\">Analyse algorithmique, identification d&rsquo;erreurs logiques et r\u00e9solution de probl\u00e8mes lors du d\u00e9veloppement du code.<\/p><\/li><\/ul><p data-path-to-node=\"15\"><b data-path-to-node=\"15\" data-index-in-node=\"0\">Travailler en mode projet<\/b><\/p><ul data-path-to-node=\"16\"><li><p data-path-to-node=\"16,0,0\">R\u00e9alisation de travaux pratiques progressifs n\u00e9cessitant de structurer une application de bout en bout.<\/p><\/li><li><p data-path-to-node=\"16,1,0\">Illustration et documentation visuelle des r\u00e9alisations (captures d&rsquo;\u00e9cran) pour d\u00e9montrer le fonctionnement des applications d\u00e9velopp\u00e9es.<\/p><\/li><\/ul>\t\t\t\t\t\t\t\t<\/div>\n\t\t\t\t<\/div>\n\t\t\t\t\t<\/div>\n\t\t\t\t<\/div>\n\t\t\t\t<\/div>\n\t\t","protected":false},"excerpt":{"rendered":"<p>Autres activit\u00e9s r\u00e9alis\u00e9es pendant le BTS Durant mes deux ann\u00e9es de BTS, j\u2019ai eu l\u2019opportunit\u00e9 de r\u00e9aliser plusieurs activit\u00e9s professionnelles qui m\u2019ont permis de d\u00e9velopper mes comp\u00e9tences techniques et professionnelles. Ces exp\u00e9riences ont contribu\u00e9 \u00e0 renforcer mes connaissances th\u00e9oriques acquises en formation et \u00e0 les appliquer dans des situations concr\u00e8tes. TP &#8211; PHP Durant ma [&hellip;]<\/p>\n","protected":false},"author":1,"featured_media":0,"parent":0,"menu_order":0,"comment_status":"closed","ping_status":"closed","template":"","meta":{"footnotes":""},"class_list":["post-2865","page","type-page","status-publish","hentry"],"blocksy_meta":[],"_links":{"self":[{"href":"https:\/\/steven-genolet.wh-web.fr\/index.php\/wp-json\/wp\/v2\/pages\/2865","targetHints":{"allow":["GET"]}}],"collection":[{"href":"https:\/\/steven-genolet.wh-web.fr\/index.php\/wp-json\/wp\/v2\/pages"}],"about":[{"href":"https:\/\/steven-genolet.wh-web.fr\/index.php\/wp-json\/wp\/v2\/types\/page"}],"author":[{"embeddable":true,"href":"https:\/\/steven-genolet.wh-web.fr\/index.php\/wp-json\/wp\/v2\/users\/1"}],"replies":[{"embeddable":true,"href":"https:\/\/steven-genolet.wh-web.fr\/index.php\/wp-json\/wp\/v2\/comments?post=2865"}],"version-history":[{"count":19,"href":"https:\/\/steven-genolet.wh-web.fr\/index.php\/wp-json\/wp\/v2\/pages\/2865\/revisions"}],"predecessor-version":[{"id":3061,"href":"https:\/\/steven-genolet.wh-web.fr\/index.php\/wp-json\/wp\/v2\/pages\/2865\/revisions\/3061"}],"wp:attachment":[{"href":"https:\/\/steven-genolet.wh-web.fr\/index.php\/wp-json\/wp\/v2\/media?parent=2865"}],"curies":[{"name":"wp","href":"https:\/\/api.w.org\/{rel}","templated":true}]}}