{"id":2892,"date":"2026-03-15T11:13:21","date_gmt":"2026-03-15T11:13:21","guid":{"rendered":"https:\/\/steven-genolet.wh-web.fr\/?page_id=2892"},"modified":"2026-03-24T15:26:07","modified_gmt":"2026-03-24T15:26:07","slug":"projet-personnel","status":"publish","type":"page","link":"https:\/\/steven-genolet.wh-web.fr\/index.php\/projet-personnel\/","title":{"rendered":"Projet personnel"},"content":{"rendered":"\t\t<div data-elementor-type=\"wp-page\" data-elementor-id=\"2892\" class=\"elementor elementor-2892\">\n\t\t\t\t<div class=\"elementor-element elementor-element-9d69743 e-flex e-con-boxed e-con e-parent\" data-id=\"9d69743\" data-element_type=\"container\" data-e-type=\"container\">\n\t\t\t\t\t<div class=\"e-con-inner\">\n\t\t\t\t<div class=\"elementor-element elementor-element-3f5c611 elementor-widget elementor-widget-heading\" data-id=\"3f5c611\" data-element_type=\"widget\" data-e-type=\"widget\" data-widget_type=\"heading.default\">\n\t\t\t\t<div class=\"elementor-widget-container\">\n\t\t\t\t\t<h2 class=\"elementor-heading-title elementor-size-default\">Projet personel<\/h2>\t\t\t\t<\/div>\n\t\t\t\t<\/div>\n\t\t\t\t<div class=\"elementor-element elementor-element-1d53493 elementor-widget elementor-widget-text-editor\" data-id=\"1d53493\" data-element_type=\"widget\" data-e-type=\"widget\" data-widget_type=\"text-editor.default\">\n\t\t\t\t<div class=\"elementor-widget-container\">\n\t\t\t\t\t\t\t\t\t<p data-start=\"98\" data-end=\"460\">Au cours de ma formation, j\u2019ai \u00e9galement r\u00e9alis\u00e9 plusieurs projets personnels dans le domaine des r\u00e9seaux informatiques afin d\u2019approfondir mes connaissances et de mettre en pratique les notions \u00e9tudi\u00e9es en cours. Ces projets m\u2019ont permis de mieux comprendre le fonctionnement des infrastructures r\u00e9seau et les diff\u00e9rentes \u00e9tapes n\u00e9cessaires \u00e0 leur mise en place.<\/p><p data-start=\"462\" data-end=\"815\">Lors de ces r\u00e9alisations, j\u2019ai travaill\u00e9 sur la configuration et l\u2019organisation de r\u00e9seaux, la gestion des adresses IP ainsi que la mise en place de diff\u00e9rents services. Ces activit\u00e9s m\u2019ont permis de d\u00e9velopper mes comp\u00e9tences techniques, notamment dans la configuration d\u2019\u00e9quipements r\u00e9seau et dans l\u2019analyse du fonctionnement d\u2019un r\u00e9seau informatique.<\/p>\t\t\t\t\t\t\t\t<\/div>\n\t\t\t\t<\/div>\n\t\t\t\t<div class=\"elementor-element elementor-element-ec007f6 elementor-widget-divider--view-line elementor-widget elementor-widget-divider\" data-id=\"ec007f6\" data-element_type=\"widget\" data-e-type=\"widget\" data-widget_type=\"divider.default\">\n\t\t\t\t<div class=\"elementor-widget-container\">\n\t\t\t\t\t\t\t<div class=\"elementor-divider\">\n\t\t\t<span class=\"elementor-divider-separator\">\n\t\t\t\t\t\t<\/span>\n\t\t<\/div>\n\t\t\t\t\t\t<\/div>\n\t\t\t\t<\/div>\n\t\t\t\t\t<\/div>\n\t\t\t\t<\/div>\n\t\t<div class=\"elementor-element elementor-element-3014b96 e-flex e-con-boxed e-con e-parent\" data-id=\"3014b96\" data-element_type=\"container\" data-e-type=\"container\">\n\t\t\t\t\t<div class=\"e-con-inner\">\n\t\t\t\t<div class=\"elementor-element elementor-element-b4e8a2e elementor-widget elementor-widget-text-editor\" data-id=\"b4e8a2e\" data-element_type=\"widget\" data-e-type=\"widget\" data-widget_type=\"text-editor.default\">\n\t\t\t\t<div class=\"elementor-widget-container\">\n\t\t\t\t\t\t\t\t\t<h2 data-section-id=\"1224ufz\" data-start=\"104\" data-end=\"192\">Mise en place d\u2019un HomeLab de virtualisation et de services r\u00e9seau<\/h2><h3 data-section-id=\"8xhd8b\" data-start=\"194\" data-end=\"222\">Pr\u00e9sentation du projet<\/h3><p data-start=\"223\" data-end=\"607\">Dans le cadre de mon apprentissage en informatique et en administration r\u00e9seau, j\u2019ai mis en place un laboratoire personnel (HomeLab). Ce projet a pour objectif de reproduire un environnement informatique proche d\u2019une infrastructure professionnelle afin de tester diff\u00e9rentes solutions techniques, d\u00e9ployer des services et am\u00e9liorer mes comp\u00e9tences en administration syst\u00e8me et r\u00e9seau.<\/p><h3 data-section-id=\"1vu72g\" data-start=\"609\" data-end=\"634\">Objectifs du projet<\/h3><ul data-start=\"635\" data-end=\"923\"><li data-section-id=\"10qgmdc\" data-start=\"635\" data-end=\"683\"><p data-start=\"637\" data-end=\"683\">Comprendre et utiliser la <strong data-start=\"663\" data-end=\"681\">virtualisation<\/strong><\/p><\/li><li data-section-id=\"1h3d4n4\" data-start=\"684\" data-end=\"742\"><p data-start=\"686\" data-end=\"742\">D\u00e9ployer et administrer diff\u00e9rents <strong data-start=\"721\" data-end=\"740\">services r\u00e9seau<\/strong><\/p><\/li><li data-section-id=\"hayxu2\" data-start=\"743\" data-end=\"783\"><p data-start=\"745\" data-end=\"783\">G\u00e9rer une <strong data-start=\"755\" data-end=\"781\">infrastructure serveur<\/strong><\/p><\/li><li data-section-id=\"1ixv1kq\" data-start=\"784\" data-end=\"854\"><p data-start=\"786\" data-end=\"854\">Mettre en place un environnement de <strong data-start=\"822\" data-end=\"852\">tests et d\u2019exp\u00e9rimentation<\/strong><\/p><\/li><li data-section-id=\"ycreyz\" data-start=\"855\" data-end=\"923\"><p data-start=\"857\" data-end=\"923\">D\u00e9velopper mes comp\u00e9tences en <strong data-start=\"887\" data-end=\"923\">administration syst\u00e8me et r\u00e9seau<\/strong><\/p><\/li><\/ul><h3 data-section-id=\"1c8z5qq\" data-start=\"925\" data-end=\"947\">Mat\u00e9riel utilis\u00e9<\/h3><p data-start=\"948\" data-end=\"997\">L\u2019infrastructure repose sur le mat\u00e9riel suivant :<\/p><ul data-start=\"999\" data-end=\"1368\"><li data-section-id=\"1mpnx7h\" data-start=\"999\" data-end=\"1036\"><p data-start=\"1001\" data-end=\"1036\"><strong data-start=\"1001\" data-end=\"1014\">Serveur :<\/strong> Dell PowerEdge T420<\/p><\/li><li data-section-id=\"k7z0hq\" data-start=\"1037\" data-end=\"1066\"><p data-start=\"1039\" data-end=\"1066\"><strong data-start=\"1039\" data-end=\"1055\">Processeur :<\/strong> 32 c\u0153urs<\/p><\/li><li data-section-id=\"k4czd6\" data-start=\"1067\" data-end=\"1103\"><p data-start=\"1069\" data-end=\"1103\"><strong data-start=\"1069\" data-end=\"1087\">M\u00e9moire vive :<\/strong> 128 Go de RAM<\/p><\/li><li data-section-id=\"9krtrl\" data-start=\"1104\" data-end=\"1189\"><p data-start=\"1106\" data-end=\"1189\"><strong data-start=\"1106\" data-end=\"1120\">Stockage :<\/strong> environ 10 To configur\u00e9 en <strong data-start=\"1148\" data-end=\"1156\">RAID<\/strong> pour la redondance des donn\u00e9es<\/p><\/li><li data-section-id=\"z2kn35\" data-start=\"1190\" data-end=\"1220\"><p data-start=\"1192\" data-end=\"1220\"><strong data-start=\"1192\" data-end=\"1218\">Carte graphique d\u00e9di\u00e9e<\/strong><\/p><\/li><li data-section-id=\"m817zp\" data-start=\"1221\" data-end=\"1287\"><p data-start=\"1223\" data-end=\"1287\"><strong data-start=\"1223\" data-end=\"1246\">Double alimentation<\/strong> pour am\u00e9liorer la fiabilit\u00e9 du serveur<\/p><\/li><li data-section-id=\"1gt6yam\" data-start=\"1288\" data-end=\"1368\"><p data-start=\"1290\" data-end=\"1368\"><strong data-start=\"1290\" data-end=\"1308\">Onduleur Eaton<\/strong> afin de prot\u00e9ger le mat\u00e9riel contre les coupures de courant<\/p><\/li><\/ul><h3 data-section-id=\"19hvc74\" data-start=\"1370\" data-end=\"1390\">Virtualisation<\/h3><p data-start=\"1391\" data-end=\"1651\">Pour g\u00e9rer l\u2019infrastructure, j\u2019utilise l\u2019hyperviseur <strong data-start=\"1444\" data-end=\"1458\">Proxmox VE<\/strong>, qui me permet de cr\u00e9er et administrer plusieurs <strong data-start=\"1508\" data-end=\"1545\">machines virtuelles et conteneurs<\/strong>. Cette solution facilite la gestion des ressources du serveur et permet d\u2019isoler les diff\u00e9rents services.<\/p><h3 data-section-id=\"19j0dx\" data-start=\"1653\" data-end=\"1676\">Services d\u00e9ploy\u00e9s<\/h3><p data-start=\"1677\" data-end=\"1741\">Plusieurs services ont \u00e9t\u00e9 mis en place dans cet environnement :<\/p><ul data-start=\"1743\" data-end=\"2127\"><li data-section-id=\"1k58lr6\" data-start=\"1743\" data-end=\"1818\"><p data-start=\"1745\" data-end=\"1818\"><strong data-start=\"1745\" data-end=\"1761\">AdGuard Home<\/strong> : filtrage DNS et blocage des publicit\u00e9s sur le r\u00e9seau<\/p><\/li><li data-section-id=\"zxvmio\" data-start=\"1819\" data-end=\"1894\"><p data-start=\"1821\" data-end=\"1894\"><strong data-start=\"1821\" data-end=\"1833\">FreshRSS<\/strong> : agr\u00e9gateur de flux RSS pour centraliser les informations<\/p><\/li><li data-section-id=\"1k165qp\" data-start=\"1895\" data-end=\"1992\"><p data-start=\"1897\" data-end=\"1992\"><strong data-start=\"1897\" data-end=\"1912\">Pterodactyl<\/strong> : panel de gestion pour l\u2019h\u00e9bergement et l\u2019administration de serveurs de jeux<\/p><\/li><li data-section-id=\"17f2pxx\" data-start=\"1993\" data-end=\"2068\"><p data-start=\"1995\" data-end=\"2068\"><strong data-start=\"1995\" data-end=\"2010\">Serveur KMS<\/strong> : activation de logiciels dans un environnement de test<\/p><\/li><li data-section-id=\"im2b9f\" data-start=\"2069\" data-end=\"2127\"><p data-start=\"2071\" data-end=\"2127\"><strong data-start=\"2071\" data-end=\"2086\">Vaultwarden<\/strong> : gestionnaire de mots de passe s\u00e9curis\u00e9<\/p><\/li><\/ul><h3 data-section-id=\"8cy5g6\" data-start=\"2129\" data-end=\"2158\">Comp\u00e9tences d\u00e9velopp\u00e9es<\/h3><p data-start=\"2159\" data-end=\"2217\">Ce projet m\u2019a permis de d\u00e9velopper plusieurs comp\u00e9tences :<\/p><ul data-start=\"2219\" data-end=\"2557\"><li data-section-id=\"cw79qx\" data-start=\"2219\" data-end=\"2276\"><p data-start=\"2221\" data-end=\"2276\">Installation et configuration d\u2019un <strong data-start=\"2256\" data-end=\"2276\">serveur physique<\/strong><\/p><\/li><li data-section-id=\"1n7bv2r\" data-start=\"2277\" data-end=\"2331\"><p data-start=\"2279\" data-end=\"2331\">Mise en place d\u2019un <strong data-start=\"2298\" data-end=\"2331\">hyperviseur de virtualisation<\/strong><\/p><\/li><li data-section-id=\"xmh0ex\" data-start=\"2332\" data-end=\"2380\"><p data-start=\"2334\" data-end=\"2380\">Cr\u00e9ation et gestion de <strong data-start=\"2357\" data-end=\"2380\">machines virtuelles<\/strong><\/p><\/li><li data-section-id=\"q83n8h\" data-start=\"2381\" data-end=\"2435\"><p data-start=\"2383\" data-end=\"2435\">D\u00e9ploiement et administration de <strong data-start=\"2416\" data-end=\"2435\">services r\u00e9seau<\/strong><\/p><\/li><li data-section-id=\"gb5hvu\" data-start=\"2436\" data-end=\"2488\"><p data-start=\"2438\" data-end=\"2488\">Gestion du <strong data-start=\"2449\" data-end=\"2488\">stockage et de la redondance (RAID)<\/strong><\/p><\/li><li data-section-id=\"rizp0a\" data-start=\"2489\" data-end=\"2557\"><p data-start=\"2491\" data-end=\"2557\">S\u00e9curisation et organisation d\u2019une <strong data-start=\"2526\" data-end=\"2557\">infrastructure informatique<\/strong><\/p><\/li><\/ul><h3 data-section-id=\"1f8q6d\" data-start=\"2559\" data-end=\"2575\">Conclusion<\/h3><p data-start=\"2576\" data-end=\"2867\">La mise en place de ce HomeLab constitue une exp\u00e9rience tr\u00e8s enrichissante dans mon parcours. Ce projet me permet de tester de nouvelles technologies, d\u2019approfondir mes connaissances et de d\u00e9velopper des comp\u00e9tences techniques proches de celles utilis\u00e9es dans un environnement professionnel.<\/p>\t\t\t\t\t\t\t\t<\/div>\n\t\t\t\t<\/div>\n\t\t\t\t<div class=\"elementor-element elementor-element-6c56256 elementor-widget elementor-widget-image\" data-id=\"6c56256\" data-element_type=\"widget\" data-e-type=\"widget\" data-widget_type=\"image.default\">\n\t\t\t\t<div class=\"elementor-widget-container\">\n\t\t\t\t\t\t\t\t\t\t\t\t\t\t\t<img fetchpriority=\"high\" decoding=\"async\" width=\"1024\" height=\"505\" src=\"https:\/\/steven-genolet.wh-web.fr\/wp-content\/uploads\/2026\/03\/Capture-decran-2026-03-15-202115-1024x505.png\" class=\"attachment-large size-large wp-image-2898\" alt=\"\" srcset=\"https:\/\/steven-genolet.wh-web.fr\/wp-content\/uploads\/2026\/03\/Capture-decran-2026-03-15-202115-1024x505.png 1024w, https:\/\/steven-genolet.wh-web.fr\/wp-content\/uploads\/2026\/03\/Capture-decran-2026-03-15-202115-300x148.png 300w, https:\/\/steven-genolet.wh-web.fr\/wp-content\/uploads\/2026\/03\/Capture-decran-2026-03-15-202115-768x379.png 768w, https:\/\/steven-genolet.wh-web.fr\/wp-content\/uploads\/2026\/03\/Capture-decran-2026-03-15-202115-1536x758.png 1536w, https:\/\/steven-genolet.wh-web.fr\/wp-content\/uploads\/2026\/03\/Capture-decran-2026-03-15-202115-2048x1011.png 2048w\" sizes=\"(max-width: 1024px) 100vw, 1024px\" \/>\t\t\t\t\t\t\t\t\t\t\t\t\t\t\t<\/div>\n\t\t\t\t<\/div>\n\t\t\t\t<div class=\"elementor-element elementor-element-dee56a4 elementor-widget elementor-widget-image\" data-id=\"dee56a4\" data-element_type=\"widget\" data-e-type=\"widget\" data-widget_type=\"image.default\">\n\t\t\t\t<div class=\"elementor-widget-container\">\n\t\t\t\t\t\t\t\t\t\t\t\t\t\t\t<img decoding=\"async\" width=\"768\" height=\"1024\" src=\"https:\/\/steven-genolet.wh-web.fr\/wp-content\/uploads\/2026\/03\/20251010_214140-768x1024.jpg\" class=\"attachment-medium_large size-medium_large wp-image-2906\" alt=\"\" srcset=\"https:\/\/steven-genolet.wh-web.fr\/wp-content\/uploads\/2026\/03\/20251010_214140-768x1024.jpg 768w, https:\/\/steven-genolet.wh-web.fr\/wp-content\/uploads\/2026\/03\/20251010_214140-225x300.jpg 225w, https:\/\/steven-genolet.wh-web.fr\/wp-content\/uploads\/2026\/03\/20251010_214140-1152x1536.jpg 1152w, https:\/\/steven-genolet.wh-web.fr\/wp-content\/uploads\/2026\/03\/20251010_214140-1536x2048.jpg 1536w, https:\/\/steven-genolet.wh-web.fr\/wp-content\/uploads\/2026\/03\/20251010_214140-rotated.jpg 1646w\" sizes=\"(max-width: 768px) 100vw, 768px\" \/>\t\t\t\t\t\t\t\t\t\t\t\t\t\t\t<\/div>\n\t\t\t\t<\/div>\n\t\t\t\t<div class=\"elementor-element elementor-element-a8cdc15 elementor-widget elementor-widget-heading\" data-id=\"a8cdc15\" data-element_type=\"widget\" data-e-type=\"widget\" data-widget_type=\"heading.default\">\n\t\t\t\t<div class=\"elementor-widget-container\">\n\t\t\t\t\t<h2 class=\"elementor-heading-title elementor-size-default\">Bilan des comp\u00e9tences E5 mobilis\u00e9es<\/h2>\t\t\t\t<\/div>\n\t\t\t\t<\/div>\n\t\t\t\t<div class=\"elementor-element elementor-element-8ca394a elementor-widget-divider--view-line elementor-widget elementor-widget-divider\" data-id=\"8ca394a\" data-element_type=\"widget\" data-e-type=\"widget\" data-widget_type=\"divider.default\">\n\t\t\t\t<div class=\"elementor-widget-container\">\n\t\t\t\t\t\t\t<div class=\"elementor-divider\">\n\t\t\t<span class=\"elementor-divider-separator\">\n\t\t\t\t\t\t<\/span>\n\t\t<\/div>\n\t\t\t\t\t\t<\/div>\n\t\t\t\t<\/div>\n\t\t\t\t<div class=\"elementor-element elementor-element-dde0e5b elementor-widget elementor-widget-text-editor\" data-id=\"dde0e5b\" data-element_type=\"widget\" data-e-type=\"widget\" data-widget_type=\"text-editor.default\">\n\t\t\t\t<div class=\"elementor-widget-container\">\n\t\t\t\t\t\t\t\t\t<h2 data-path-to-node=\"1\">G\u00e9rer le patrimoine informatique<\/h2><ul data-path-to-node=\"2\"><li><p data-path-to-node=\"2,0,0\">Installation, configuration et gestion mat\u00e9rielle d&rsquo;un serveur Dell PowerEdge T420 (CPU 32 c\u0153urs, 128 Go RAM).<\/p><\/li><li><p data-path-to-node=\"2,1,0\">Installation bare-metal de l&rsquo;hyperviseur Proxmox VE et cr\u00e9ation de l&rsquo;environnement virtualis\u00e9.<\/p><\/li><li><p data-path-to-node=\"2,2,0\">Administration de l&rsquo;infrastructure, allocation des ressources aux machines virtuelles et gestion globale du stockage de 10 To.<\/p><\/li><\/ul><h2 data-path-to-node=\"3\">Mettre \u00e0 disposition des utilisateurs un service informatique<\/h2><ul data-path-to-node=\"4\"><li><p data-path-to-node=\"4,0,0\">D\u00e9ploiement de conteneurs et de machines virtuelles h\u00e9bergeant des services fonctionnels (Pterodactyl, FreshRSS, serveur KMS).<\/p><\/li><li><p data-path-to-node=\"4,1,0\">D\u00e9ploiement et administration de Vaultwarden pour la gestion s\u00e9curis\u00e9e et auto-h\u00e9berg\u00e9e des mots de passe.<\/p><\/li><li><p data-path-to-node=\"4,2,0\">Mise en place d&rsquo;AdGuard Home pour assurer le filtrage DNS et bloquer les requ\u00eates ind\u00e9sirables sur le r\u00e9seau.<\/p><\/li><\/ul><h2 data-path-to-node=\"5\">R\u00e9pondre aux incidents et aux demandes d\u2019assistance et d\u2019\u00e9volution<\/h2><ul data-path-to-node=\"6\"><li><p data-path-to-node=\"6,0,0\">Mise en place de solutions pr\u00e9ventives contre les pannes mat\u00e9rielles et \u00e9lectriques (onduleur Eaton, double alimentation, stockage configur\u00e9 en RAID).<\/p><\/li><\/ul><h2 data-path-to-node=\"7\">Travailler en mode projet<\/h2><ul data-path-to-node=\"8\"><li><p data-path-to-node=\"8,0,0\">Conception et exploitation d&rsquo;un HomeLab complet d\u00e9di\u00e9 \u00e0 l&rsquo;exp\u00e9rimentation, aux tests de nouvelles technologies et \u00e0 la mont\u00e9e en comp\u00e9tences techniques de mani\u00e8re autonome.<\/p><\/li><\/ul>\t\t\t\t\t\t\t\t<\/div>\n\t\t\t\t<\/div>\n\t\t\t\t\t<\/div>\n\t\t\t\t<\/div>\n\t\t\t\t<\/div>\n\t\t","protected":false},"excerpt":{"rendered":"<p>Projet personel Au cours de ma formation, j\u2019ai \u00e9galement r\u00e9alis\u00e9 plusieurs projets personnels dans le domaine des r\u00e9seaux informatiques afin d\u2019approfondir mes connaissances et de mettre en pratique les notions \u00e9tudi\u00e9es en cours. Ces projets m\u2019ont permis de mieux comprendre le fonctionnement des infrastructures r\u00e9seau et les diff\u00e9rentes \u00e9tapes n\u00e9cessaires \u00e0 leur mise en place. [&hellip;]<\/p>\n","protected":false},"author":1,"featured_media":0,"parent":0,"menu_order":0,"comment_status":"closed","ping_status":"closed","template":"","meta":{"footnotes":""},"class_list":["post-2892","page","type-page","status-publish","hentry"],"blocksy_meta":[],"_links":{"self":[{"href":"https:\/\/steven-genolet.wh-web.fr\/index.php\/wp-json\/wp\/v2\/pages\/2892","targetHints":{"allow":["GET"]}}],"collection":[{"href":"https:\/\/steven-genolet.wh-web.fr\/index.php\/wp-json\/wp\/v2\/pages"}],"about":[{"href":"https:\/\/steven-genolet.wh-web.fr\/index.php\/wp-json\/wp\/v2\/types\/page"}],"author":[{"embeddable":true,"href":"https:\/\/steven-genolet.wh-web.fr\/index.php\/wp-json\/wp\/v2\/users\/1"}],"replies":[{"embeddable":true,"href":"https:\/\/steven-genolet.wh-web.fr\/index.php\/wp-json\/wp\/v2\/comments?post=2892"}],"version-history":[{"count":23,"href":"https:\/\/steven-genolet.wh-web.fr\/index.php\/wp-json\/wp\/v2\/pages\/2892\/revisions"}],"predecessor-version":[{"id":3058,"href":"https:\/\/steven-genolet.wh-web.fr\/index.php\/wp-json\/wp\/v2\/pages\/2892\/revisions\/3058"}],"wp:attachment":[{"href":"https:\/\/steven-genolet.wh-web.fr\/index.php\/wp-json\/wp\/v2\/media?parent=2892"}],"curies":[{"name":"wp","href":"https:\/\/api.w.org\/{rel}","templated":true}]}}